{"id":8712,"date":"2025-01-21T09:41:25","date_gmt":"2025-01-21T09:41:25","guid":{"rendered":"https:\/\/josiprestek.com\/?page_id=8712"},"modified":"2025-01-21T09:42:02","modified_gmt":"2025-01-21T09:42:02","slug":"baska-galerija-zvonimir","status":"publish","type":"page","link":"https:\/\/josiprestek.com\/hr\/izlozbe\/baska-galerija-zvonimir\/","title":{"rendered":"Ba\u0161ka, Galerija Zvonimir"},"content":{"rendered":"<div class=\"fusion-fullwidth fullwidth-box fusion-builder-row-1 fusion-flex-container has-pattern-background has-mask-background nonhundred-percent-fullwidth non-hundred-percent-height-scrolling\" style=\"--awb-border-radius-top-left:0px;--awb-border-radius-top-right:0px;--awb-border-radius-bottom-right:0px;--awb-border-radius-bottom-left:0px;--awb-flex-wrap:wrap;\" ><div class=\"fusion-builder-row fusion-row fusion-flex-align-items-flex-start fusion-flex-content-wrap\" style=\"max-width:1216.8px;margin-left: calc(-4% \/ 2 );margin-right: calc(-4% \/ 2 );\"><div class=\"fusion-layout-column fusion_builder_column fusion-builder-column-0 fusion_builder_column_1_2 1_2 fusion-flex-column\" style=\"--awb-bg-size:cover;--awb-width-large:50%;--awb-margin-top-large:0px;--awb-spacing-right-large:3.84%;--awb-margin-bottom-large:20px;--awb-spacing-left-large:3.84%;--awb-width-medium:100%;--awb-order-medium:0;--awb-spacing-right-medium:1.92%;--awb-spacing-left-medium:1.92%;--awb-width-small:100%;--awb-order-small:0;--awb-spacing-right-small:1.92%;--awb-spacing-left-small:1.92%;\"><div class=\"fusion-column-wrapper fusion-column-has-shadow fusion-flex-justify-content-flex-start fusion-content-layout-column\"><div class=\"fusion-text fusion-text-1\"><h5 class=\"title\" style=\"text-align: center;\">When<\/h5>\n<div class=\"info\" style=\"text-align: center;\">\n<div class=\"start-date\">June 26, 2021 12:00 am<\/div>\n<div class=\"end-date\">July 28, 2021 12:00 am<\/div>\n<\/div>\n<\/div><\/div><\/div><div class=\"fusion-layout-column fusion_builder_column fusion-builder-column-1 fusion_builder_column_1_2 1_2 fusion-flex-column\" style=\"--awb-bg-size:cover;--awb-width-large:50%;--awb-margin-top-large:0px;--awb-spacing-right-large:3.84%;--awb-margin-bottom-large:20px;--awb-spacing-left-large:3.84%;--awb-width-medium:100%;--awb-order-medium:0;--awb-spacing-right-medium:1.92%;--awb-spacing-left-medium:1.92%;--awb-width-small:100%;--awb-order-small:0;--awb-spacing-right-small:1.92%;--awb-spacing-left-small:1.92%;\"><div class=\"fusion-column-wrapper fusion-column-has-shadow fusion-flex-justify-content-flex-start fusion-content-layout-column\"><div class=\"fusion-text fusion-text-2\"><h5 class=\"title\" style=\"text-align: center;\">Where<\/h5>\n<div class=\"info\" style=\"text-align: center;\">Ba\u0161ka, Galerija Zvonimir<\/div>\n<\/div><\/div><\/div><div class=\"fusion-layout-column fusion_builder_column fusion-builder-column-2 fusion_builder_column_1_1 1_1 fusion-flex-column\" style=\"--awb-bg-size:cover;--awb-width-large:100%;--awb-margin-top-large:0px;--awb-spacing-right-large:1.92%;--awb-margin-bottom-large:20px;--awb-spacing-left-large:1.92%;--awb-width-medium:100%;--awb-order-medium:0;--awb-spacing-right-medium:1.92%;--awb-spacing-left-medium:1.92%;--awb-width-small:100%;--awb-order-small:0;--awb-spacing-right-small:1.92%;--awb-spacing-left-small:1.92%;\"><div class=\"fusion-column-wrapper fusion-column-has-shadow fusion-flex-justify-content-flex-start fusion-content-layout-column\"><div class=\"fusion-text fusion-text-3\"><p>Stvarala\u0161tvo Josipa Resteka odre\u0111eno je vremenskim okvirom ali i geografskim kontekstom u kojemu je ro\u0111en, gdje je \u017eivio i radio. Njegova je umjetnost odraz pro\u017eivljenog iskustva, impresija izazvanih neposrednim opa\u017eanjem prirode, situacija, predmeta. Vi\u0111eno i do\u017eivljeno bilje\u017ei na osebujan na\u010din stvaraju\u0107i osobit i prepoznatljiv vizualni izri\u010daj.<\/p>\n<p>U pet plodonosnih desetlje\u0107a umjetni\u010dkog djelovanja ostvario je opus u kojemu se redaju zaokru\u017eene likovne cjeline, a karakterizira ih izra\u017eena individualnost koju je te\u0161ko svrstati u okvire vizualne produkcije njegovih suvremenika. Iako je Restek realizirao zanimljiva slikarska ostvarenja, eksperimentiranje grafi\u010dkim tehnikama od osobita je zna\u010daja u njegovu radu. Izlo\u017eba na kojoj izla\u017eemo dvadesetak slika i grafika iz autorove obiteljske ostav\u0161tine koja broji vi\u0161e stotina radova, tek je mali podsjetnik na Restekovu prisutnost u hrvatskoj novijoj modernoj umjetnosti.<\/p>\n<p>Odabrana su djela iz razli\u010ditih faza stvarala\u0161tva: slike iz vremena Restekovih intenzivnih putovanja u europska kulturna sredi\u0161ta, radovi inspirirani folklornom tematikom, grafike u kojima se naziru tragovi inovacija u tehnici, a koje pokazuju naznake alternativnog krajolika. Izlo\u017eene slike morskih motiva nastale tijekom umjetnikova boravka u primorju, po likovnoj kvaliteti ne spadaju u vrh autorove produkcije ali imaju va\u017eno emotivno mjesto u njegovu radu. U likovnoj ostav\u0161tini Josipa Resteka zanimljivost predstavljaju figurativni radovi iz pedesetih godina. Sadr\u017eajno su vezani uz ljudski lik, pojedina\u010dne dje\u010dje figure ili skupine djece prikazane u igri. Formalno gledaju\u0107i rije\u010d je o kompozicijama intenzivnog kolorita, oblicima svedenima na osnovne forme, bez inzistiranja na detalju ili vjernom opona\u0161anju motiva.<\/p>\n<p>Djeluju pomalo naivno, poput neartikuliranog dje\u010djeg crte\u017ea, na tragu art bruta\u2026 Zanimljivo je spomenuti da su ovi radovi nastali u vrijeme kada Restek puno putuje, obilazi izlo\u017ebe, \u010desto boravi u Parizu, upoznaje tamo\u0161nju likovnu produkciju, intenzivno se dru\u017ei sa suvremenicima, umjetnicima koji ga uvode u pari\u0161ki svijet umjetnosti. Te\u0161ko je sa sigurno\u0161\u0107u re\u0107i koja je provenijencija tih radova, ali je tema intrigantna tim vi\u0161e \u0161to istovremene slike i grafike inspirirane narodnom i folklornom tradicijom predstavljaju sli\u010dna likovna rje\u0161enja.<\/p>\n<p>Umjetnikova ostvarenja u grafi\u010dkim tehnikama dubokog, visokog i plo\u0161nog tiska u vi\u0161e su navrata valorizirana, predstavljena na retrospektivnim i studijskim izlo\u017ebama zahvaljuju\u0107i kojima je Restek dobio zaslu\u017eeno mjesto u nacionalnoj grafi\u010dkoj produkciji. Za ovu priliku odabrano je nekoliko apstraktnih motiva, primjera alternativnog pejza\u017ea inspiriranog pojedina\u010dnim oblikom iz prirode ili pak slikama svemirskog prostranstva. Manje poznata crtica Restekove likovnosti je ona koja govori o njegovom stvarala\u0161tvu u oto\u010dkom okru\u017eju: slike primorskih motiva koje bilje\u017ei u vi\u0161e ili manje realisti\u010dkoj maniri. U podneblju bremenitom bojom, svjetlom, specifi\u010dnom atmosferom i na\u010dinom \u017eivljenja akumuliraju se impresije koje se manifestiraju u izvedenicama naslikanih krajobraza i u razli\u010ditim se oblicima ocrtavaju u nebrojenim autorovim vizualnim rje\u0161enjima.<\/p>\n<p><span style=\"text-decoration: underline;\"><a href=\"https:\/\/josiprestek.com\/wp-content\/uploads\/2025\/01\/Josip-Restek-Galerija-Zvonimir.pdf\">Vilma Bartoli\u0107 Josip Restek \u2013 Galerija Zvonimir.pdf<\/a><\/span><\/p>\n<\/div><\/div><\/div><\/div><\/div>\n","protected":false},"excerpt":{"rendered":"","protected":false},"author":1,"featured_media":0,"parent":6962,"menu_order":0,"comment_status":"closed","ping_status":"closed","template":"","meta":{"footnotes":""},"class_list":["post-8712","page","type-page","status-publish","hentry"],"_links":{"self":[{"href":"https:\/\/josiprestek.com\/hr\/wp-json\/wp\/v2\/pages\/8712","targetHints":{"allow":["GET"]}}],"collection":[{"href":"https:\/\/josiprestek.com\/hr\/wp-json\/wp\/v2\/pages"}],"about":[{"href":"https:\/\/josiprestek.com\/hr\/wp-json\/wp\/v2\/types\/page"}],"author":[{"embeddable":true,"href":"https:\/\/josiprestek.com\/hr\/wp-json\/wp\/v2\/users\/1"}],"replies":[{"embeddable":true,"href":"https:\/\/josiprestek.com\/hr\/wp-json\/wp\/v2\/comments?post=8712"}],"version-history":[{"count":2,"href":"https:\/\/josiprestek.com\/hr\/wp-json\/wp\/v2\/pages\/8712\/revisions"}],"predecessor-version":[{"id":8715,"href":"https:\/\/josiprestek.com\/hr\/wp-json\/wp\/v2\/pages\/8712\/revisions\/8715"}],"up":[{"embeddable":true,"href":"https:\/\/josiprestek.com\/hr\/wp-json\/wp\/v2\/pages\/6962"}],"wp:attachment":[{"href":"https:\/\/josiprestek.com\/hr\/wp-json\/wp\/v2\/media?parent=8712"}],"curies":[{"name":"wp","href":"https:\/\/api.w.org\/{rel}","templated":true}]}}