{"id":8576,"date":"2025-01-20T23:20:09","date_gmt":"2025-01-20T23:20:09","guid":{"rendered":"https:\/\/josiprestek.com\/?page_id=8576"},"modified":"2025-01-21T10:26:43","modified_gmt":"2025-01-21T10:26:43","slug":"o-umjetniku","status":"publish","type":"page","link":"https:\/\/josiprestek.com\/hr\/o-umjetniku\/","title":{"rendered":"O umjetniku"},"content":{"rendered":"<div class=\"fusion-fullwidth fullwidth-box fusion-builder-row-1 fusion-flex-container nonhundred-percent-fullwidth non-hundred-percent-height-scrolling\" style=\"--awb-border-radius-top-left:0px;--awb-border-radius-top-right:0px;--awb-border-radius-bottom-right:0px;--awb-border-radius-bottom-left:0px;--awb-flex-wrap:wrap;\" ><div class=\"fusion-builder-row fusion-row fusion-flex-align-items-flex-start fusion-flex-content-wrap\" style=\"max-width:1216.8px;margin-left: calc(-4% \/ 2 );margin-right: calc(-4% \/ 2 );\"><div class=\"fusion-layout-column fusion_builder_column fusion-builder-column-0 fusion_builder_column_1_3 1_3 fusion-flex-column\" style=\"--awb-bg-size:cover;--awb-width-large:33.333333333333%;--awb-margin-top-large:0px;--awb-spacing-right-large:5.76%;--awb-margin-bottom-large:0px;--awb-spacing-left-large:5.76%;--awb-width-medium:100%;--awb-spacing-right-medium:1.92%;--awb-spacing-left-medium:1.92%;--awb-width-small:100%;--awb-spacing-right-small:1.92%;--awb-spacing-left-small:1.92%;\"><div class=\"fusion-column-wrapper fusion-flex-justify-content-flex-start fusion-content-layout-column\"><div class=\"fusion-image-element \" style=\"text-align:center;--awb-liftup-border-radius:0px;--awb-caption-margin-top:20px;--awb-caption-title-font-family:var(--h3_typography-font-family);--awb-caption-title-font-weight:var(--h3_typography-font-weight);--awb-caption-title-font-style:var(--h3_typography-font-style);--awb-caption-title-size:var(--h3_typography-font-size);--awb-caption-title-transform:var(--h3_typography-text-transform);--awb-caption-title-line-height:var(--h3_typography-line-height);--awb-caption-title-letter-spacing:var(--h3_typography-letter-spacing);\"><div class=\"awb-image-frame awb-image-frame-1 imageframe-liftup\"><span class=\" fusion-imageframe imageframe-dropshadow imageframe-1\" style=\"-webkit-box-shadow: 3px 3px 7px var(--awb-color8);box-shadow: 3px 3px 7px var(--awb-color8);\"><a class=\"fusion-no-lightbox\" href=\"https:\/\/josiprestek.com\/izlozbe\/baska-galerija-zvonimir\/\" target=\"_blank\" aria-label=\"josip restek\" rel=\"noopener noreferrer\"><img decoding=\"async\" width=\"1517\" height=\"811\" src=\"https:\/\/josiprestek.com\/wp-content\/uploads\/2025\/01\/josip-restek.jpg\" data-orig-src=\"https:\/\/josiprestek.com\/wp-content\/uploads\/2025\/01\/josip-restek.jpg\" alt class=\"lazyload img-responsive wp-image-8257\" srcset=\"data:image\/svg+xml,%3Csvg%20xmlns%3D%27http%3A%2F%2Fwww.w3.org%2F2000%2Fsvg%27%20width%3D%271517%27%20height%3D%27811%27%20viewBox%3D%270%200%201517%20811%27%3E%3Crect%20width%3D%271517%27%20height%3D%27811%27%20fill-opacity%3D%220%22%2F%3E%3C%2Fsvg%3E\" data-srcset=\"https:\/\/josiprestek.com\/wp-content\/uploads\/2025\/01\/josip-restek-200x107.jpg 200w, https:\/\/josiprestek.com\/wp-content\/uploads\/2025\/01\/josip-restek-400x214.jpg 400w, https:\/\/josiprestek.com\/wp-content\/uploads\/2025\/01\/josip-restek-600x321.jpg 600w, https:\/\/josiprestek.com\/wp-content\/uploads\/2025\/01\/josip-restek-800x428.jpg 800w, https:\/\/josiprestek.com\/wp-content\/uploads\/2025\/01\/josip-restek-1200x642.jpg 1200w, https:\/\/josiprestek.com\/wp-content\/uploads\/2025\/01\/josip-restek.jpg 1517w\" data-sizes=\"auto\" data-orig-sizes=\"(max-width: 1024px) 100vw, (max-width: 640px) 100vw, 400px\" \/><\/a><\/span><\/div><\/div><\/div><\/div><div class=\"fusion-layout-column fusion_builder_column fusion-builder-column-1 fusion_builder_column_2_3 2_3 fusion-flex-column\" style=\"--awb-bg-size:cover;--awb-width-large:66.666666666667%;--awb-margin-top-large:0px;--awb-spacing-right-large:2.88%;--awb-margin-bottom-large:0px;--awb-spacing-left-large:2.88%;--awb-width-medium:100%;--awb-spacing-right-medium:1.92%;--awb-spacing-left-medium:1.92%;--awb-width-small:100%;--awb-spacing-right-small:1.92%;--awb-spacing-left-small:1.92%;\"><div class=\"fusion-column-wrapper fusion-flex-justify-content-flex-start fusion-content-layout-column\"><div class=\"fusion-text fusion-text-1\"><div class=\"vc_row wpb_row vc_row-fluid kswr_pnone kswr_mnone kswr_bnone\">\n<p><strong>Josip Restek<\/strong>\u00a0roden je 7. o\u017eujka 1915. godine u Volavju kraj Jastrebarskog, nedaleko Zagreba. Nakon zavr\u0161etka Klasi\u010dne gimnazije u Zagrebu, 1940. godine diplomira slikarstvo na Likovnoj akademiji u Zagrebu kod profesora Ljube Babi\u0107a i Omera Mujad\u017ei\u0107a, a godinu dana nakon toga specijalizaciju za grafiku kod profesora Tomislava Krizmana. Iste godine zavr\u0161ava i studij povijesti umjetnosti na Filozovskom fakultetu u Zagrebu.<\/p>\n<p>Grafi\u010dko i likovno obrazovanje, nadopunjava brojnim studijskim boravcima u Evropskim gradovima, pulziraju\u0107im centrima likovnog i grafi\u010dkog izra\u017eaja, kao Veneciji, Milanu, i napose Parizu gdje radi kao litograf u atelier Edmond Desjobert, a 1964. se usavr\u0161ava u tehnici dubokog tiska u Johhny Friedl\u00e4nderovu atelijeu u Parizu. Tokom brojnih posjeta Parizu odr\u017eava i samostalnu izlo\u017ebu grafika, s predgovorom Eduarda Goerfa, u Galerie Simone Badenijer te posje\u010duje brojne galerije (\u010desto u dru\u0161tvu Slavka Kopa\u0107a), muzeje i slikarska dru\u017eenja gdje sti\u010de i internacionalna priznanja. Tu se rada i Restekova fascinacija evropskom apstrakcijom i enformelom \u0161to oblikuje njegov likovni, a napose grafi\u010dki izra\u017eaj. Usavr\u0161ava grafi\u010dke pristupe kao tehniku visokog tiska (drvorez, linorez), tehniku dubokog tiska (aquatinta, suha igla, bakropis) te tehniku plo\u0161nog tiska (litografija) \u0161to uskoro prelazi u multimedijalnu grafi\u010dku vje\u0161tinu i osebujni umjetni\u010dki izra\u017eaj te mu donosi brojna priznanja i nagrade na doma\u0107em i evropskom nivou. Godine 1970. Accademia internationale Tommaso Campanella imenuje ga za \u010dlana \u201chonoris causa\u201d s diplomom i srebrenom medaljom, na VI. i VII. li\u010dkim analima u Gospi\u0107u dobiva Plakete za grafiku, godine 1972. odlikovan je Ordenom rada sa srebrenom zvijezdom, godine 1979. otkupnom nagradom na IV. izlo\u017ebi jugoslavenskog portreta u Tuzli, godine 1980. Accademia Italia delle Arte e Lavori imenuje ga akademikom sa zlatnom medaljom, a 1982. godine dobiva Zlatnu medalju Accademie Italia delle Arte e del Lavoro u Salsomaggiore Terme.<\/p>\n<p>Od \u010detrdesetih godina pro\u0161log stolje\u0107a redovno izla\u017ee na doma\u0107im i medunarodnim izlo\u017ebama od kojih je vrijedno spomenuti prvu retrospektivnu izlo\u017ebu, koja je bila postavljena u Muzeju za umjetnost i obrt u Zagrebu od 5. do 31. o\u017eujka 1985. godine kao i posthumnu, drugu retrospektivnu izlo\u017ebu u Klovi\u0107evim dvorima u Zagrebu, listopad \u2013 studeni 2003. godine, kustos Biserka Rauter Plan\u010di\u0107, te izlo\u017ebu u \u010dast proslave stogodi\u0161njice umjetnikovog rodenja u Kuli Lotr\u0161\u010dak u Zagrebu, od 9. do 20.svibnja 2015. godine, kustos Petra Vugrinec.<br \/>\nOd 1973. do umirovljenja 1982. godine djeluje kao profesor na Vi\u0161oj grafi\u010dkoj \u0161koli u Zagrebu, predaje grafi\u010dko oblikovanje i likovno grafi\u010dku kulturu te objavljuje ud\u017ebenik Osnove grafi\u010dkog dizajna (1975) i Tabelarni pregled likovno grafi\u010dke kulture (1976). Godine 1978. u rodnoj ku\u0107i u Volavju organizira stalnu izlo\u017ebu slika i grafika Josipa Resteka.<br \/>\nJosip Restek je mro u Zagrebu 13. svibnja 1987.<\/p>\n<\/div>\n<\/div><\/div><\/div><div class=\"fusion-layout-column fusion_builder_column fusion-builder-column-2 fusion_builder_column_1_1 1_1 fusion-flex-column\" style=\"--awb-bg-size:cover;--awb-width-large:100%;--awb-margin-top-large:0px;--awb-spacing-right-large:1.92%;--awb-margin-bottom-large:0px;--awb-spacing-left-large:1.92%;--awb-width-medium:100%;--awb-spacing-right-medium:1.92%;--awb-spacing-left-medium:1.92%;--awb-width-small:100%;--awb-spacing-right-small:1.92%;--awb-spacing-left-small:1.92%;\"><div class=\"fusion-column-wrapper fusion-flex-justify-content-flex-start fusion-content-layout-column\"><div class=\"fusion-text fusion-text-2\"><div class=\"vc_row wpb_row vc_row-fluid kswr_pnone kswr_mnone kswr_bnone\">\n<div class=\"wpb_column vc_column_container vc_col-sm-12 margin-lg-30t margin-sm-0t margin-xs-20t\">\n<div class=\"vc_column-inner vc_custom_1504865439843\">\n<div class=\"wpb_wrapper\">\n<div class=\"wpb_text_column wpb_content_element \">\n<div class=\"wpb_wrapper\">\n<h2>Kriti\u010dki i publicisti\u010dki osvrti<\/h2>\n<p>\u201c<em>Po autenti\u010dnoj kreativnosti na \u0161irokom polju svojih umjetni\u010dkih interesa Restek je nedvojbeno jedan od najelitnijih hrvatskih modernisti\u010dkih grafi\u010dara i umjetnik na najvi\u0161em europskom nivou. On dubi, re\u017ee, razgraduje plo\u010du do expresivne i volumizirane modelacije grafi\u010dkog lista, do opipljivog praska<\/em>\u00a0\u201d.<\/p>\n<p><strong>Prof. Biserka Rauter Plan\u010di\u0107<\/strong>,<br \/>\nJosip Restek, katalog retrospektivne izlo\u017ebe u galeriji Klovi\u0107evi Dvori u Zagrebu,<br \/>\n2003.,<br \/>\nstr. 6-7.<\/p>\n<p>\u201c\u00a0<em>\u2026 epitet elitizma jednako podkrepljuje \u201cmoralna ljepota\u201d umjetnikova stvaranja i \u017eivljenja. Skromnost i istinsko u\u017eivanje u umjetni\u010dkom stvarala\u0161tvu bez \u017eelje za podila\u017eenjem \u010dasovitim modama, odlike su koje krase njegovo stvarala\u0161tvo. Restekov opus odi\u0161e ljudskom mjerom, rijetko postignutim skladom i mirom. Njegova je dosljednost mimezis, a stvaranje i traganje kontinuitet koji se o\u010dituje u zavidnom majstorstvu grafi\u010dkog promi\u0161ljanja\u201d.<\/em><br \/>\n<em>\u201cRestekov stilski izra\u017eaj \u2026. od konkretnog slikarstva i figurativnog realizma \u2026 preko oslobadanja forme kroz ekspresionisti\u010dke morfolo\u0161ke intervencije u pejza\u017eu, pa sve do lirske apstrakcfije, kada motivikom napu\u0161ta ovozemaljske i ovovremenske teme apstrahiraju\u0107i pojavnost do kozmi\u010dkih vizija.\u201d<\/em><\/p>\n<p><strong>Dr. sci. Petra Vugrinec<\/strong>,<br \/>\nJosip Restek \u2013 Krajolik, Od forme do enformela<br \/>\nKatalog izlo\u017ebe proslave stote obljetnice u Kuli Lotr\u0161\u010dak u Zagrebu<br \/>\n2015.,<br \/>\nstr. 6-7.<\/p>\n<p><em>U ovoj prosudbi ipak bih izdvojila va\u017enost Restekovog grafi\u010dkog opusa, koji nedvojbeno spada u sam vrh hrvatske grafike \u0161estog i sedmog desetlje\u0107a. Restek je tada u tehnici akvatinte, linoreza, drvoreza i bakroreza ostvario neka od najzna\u010dajnijih djela na\u0161eg enformela, koja nedvojbeno dosi\u017eu europske domete. Kao grafi\u010dar Restek je posve ravnopravno stjecao slavu i zadobivao priznanja u eminentnoj konkurenciji grafi\u010dke elite na medunarodnim izlo\u017ebama i bienalima.<\/em><\/p>\n<p><strong>Dr. sci. Ivanka Reberski<\/strong>,<br \/>\nValorizacija donacije umjetni\u010dkih djela slikara Josipa Resteka Gradu Zagrebu,<br \/>\n2006.<\/p>\n<p>\u201c<em>S obzirom na metodi\u010dnost i studioznost izvodenja nema dvojbe da je Restek svoj optimum ostvario u grafi\u010dkom mediju, posebno u dubokom tisku, naro\u010dito u juvigravurama. Crte\u017ei i akvareli, gva\u0161evi, pa i monotipije poslu\u017eili su mu \u010desto kao priprema za rezanje u plo\u010du i izvodenje u slojevitom listu, pa je grafi\u010dka dionica opusa upravo reprezentativna, kako u nacionalnim tako i u univerzalnim razmjerima<\/em>.\u201c<\/p>\n<p><strong>Akademik Dr. Tonko Maroevi\u0107<\/strong>,<br \/>\nValorizacija donacije umjetni\u010dkih djela slikara Josipa Resteka Gradu Zagrebu,<br \/>\n2006.<\/p>\n<p>\u201c<em>Restek je uvr\u0161ten u veliki niz lirskog enformelizma \u2026 u svojim grafi\u010dkim listovima, pa i u nekim uljima, posve zaogr\u0107e figuralne tragove intenzivnim apstraktnim grafizmima.<\/em>\u201d<\/p>\n<p><strong>Zdenko Rus<\/strong>,<br \/>\nApstraktna umjetnost u Hrvatskoj,<br \/>\n1985.<\/p>\n<h2>Nagrade \u2013 pregled<\/h2>\n<p><strong>1982.<\/strong>\u00a0Zlatna medalja od Accademia Italia delle Arte e del Lavoro u Salsomaggiore Terme<\/p>\n<p><strong>1980.<\/strong>\u00a0Accademia Italia delle Arte e Lavori, imenovanje za akademika<\/p>\n<p><strong>1979<\/strong>. Odkupna nagrada na IV. izlozbi Jugoslavenskog portreta u Tuzli<\/p>\n<p><strong>1972<\/strong>. Odlikovanje Ordenom rada sa srebrnim zvijezdom<\/p>\n<p><strong>1971.<\/strong>\u00a0VI I VII Licki Anali u Gospicu, Plaketa za grafiku<\/p>\n<p><strong>1970.<\/strong>\u00a0Accademia Internationale Tommaso Campanella, imenovanje za \u010dlana \u201chonoris causa\u201d s diploma I srebrna medalja od<\/p>\n<p><strong>1956.<\/strong> Druga nagrada na natjecanju za veliku zidnu sliku za Savezno Izvrsno Vijece pod nazivom \u201cZemlja I Svemir\u201d<\/p>\n<\/div>\n<\/div>\n<\/div>\n<\/div>\n<\/div>\n<\/div>\n<div class=\"vc_row wpb_row vc_row-fluid margin-lg-40t margin-lg-80b margin-xs-50b kswr_pnone kswr_mnone kswr_bnone\">\n<div class=\"wpb_column vc_column_container vc_col-sm-6 margin-xs-20b\">\n<div class=\"vc_column-inner \">\n<div class=\"wpb_wrapper\">\n<div class=\"wpb_text_column wpb_content_element \">\n<div class=\"wpb_wrapper\">\n<h2>Solo izlo\u017ebe<\/h2>\n<ul>\n<li><strong>2020. <\/strong>Jastrebarsko, Galerija Gradskog Muzeja, <a href=\"https:\/\/www.jaska.com.hr\/kultura\/izlozba-zbirka-josip-restek\/\"><strong>Izlo\u017eba cjelokupne galerijske zbirke Josipa Resteka<\/strong><\/a>, 09.09.2020<\/li>\n<li><strong>2015. <\/strong>Zagreb, Galerija Klovi\u0107evi Dvori, Kula Lotr\u0161\u010dak, Samostalna izlo\u017eba,\u00a0<strong><a href=\"https:\/\/gkd.hr\/izlozba\/josip-restek-krajolik-od-forme-do-enformela\/\">Josip Restek, Krajolik, Od Forme do Enformela<\/a>, <\/strong>u povodu stogodi\u0161njice rodenja slikara grafi\u010dara i restauratora Josipa Resteka, 09-20.05.Jastrebarsko, Gradski Muzej Jastrebarsko, Gradska Galerija Jastrebarsko, Samostalna izlo\u017eba, <strong><a href=\"https:\/\/www.dropbox.com\/s\/n2wdakuwa15g186\/Katalog%20Restek%20100%20godina,%20Jastrebarsko.pdf?dl=0\">Josip Restek 100 godina<\/a><\/strong><\/li>\n<li><strong>2011. <\/strong>Seattle, WA, SAD, Harrison Art Galery, samostalna izlo\u017eba Josip Restek, Seattle Center, 22-23.10.<\/li>\n<li><strong>2010. <\/strong>Jastrebarsko, Gradski muzej i Gradska Galerija, Samostalna izlo\u017eba Hommage \u00e0 Josip Restek<\/li>\n<li><strong>2003. <\/strong>Karlovac, Galerija \u201eVjekoslav Karas\u201c, Retrospektivna izlo\u017eba Josip Restek 1915. \u2013 1987. slike, crte\u017ei i grafike, 5. \u2013 7. Zagreb, Galerija Klovi\u0107evi dvori, Retrospektivna izlo\u017eba Josip Restek 1915. \u2013 1987. slike, crte\u017ei i grafike, 28.10. \u2013 30.11.<\/li>\n<li><strong>1998. <\/strong>Jastrebarsko, Gradski muzej i galerija Jastrebarsko, Samostalna izlo\u017eba Josip Restek \/ 1915 \u2013 1987. ( 4 rada-akvizicije novootvorene galerije), 1. 5. \u2013 18. 5.<\/li>\n<li><strong>1996. <\/strong>\u0110akovo, Spomen muzej biskupa J. J. Strossmayera, Samostalna izlo\u017eba Josip Restek iz zbirke Ivana Rabuzina, 2 \u2013 3. Karlovac, Galerija ZILIK, Samostalna izlo\u017eba \u2013 Djela Josipa Resteka iz zbirke Ivana Rabuzina \/ izlo\u017eba prva, 28. 5 \u2013 20. 6. Samostalna izlo\u017eba \u2013 Djela Josipa Resteka iz zbirke Ivana Rabuzina\/ izlo\u017eba druga, 10 \u2013 12.<\/li>\n<li><strong>1995. <\/strong>Zagreb, Galerija Ullrich, Samostalna izlo\u017eba Josip Restek 18. 10 \u2013 10. 11.<\/li>\n<li><strong>1994. <\/strong>Zagreb, Galerija Itea, Samostalna izlo\u017eba Hommage Josip Restek, 23. 6. \u2013 20. 7.<\/li>\n<li><strong>1990. <\/strong>Karlovac, Gradski muzej, Samostalna izlo\u017eba Josip Restek, 3. Zagreb, Knji\u017enica Novi Zagreb, Samostalna izlo\u017eba Josip Restek, 6.<\/li>\n<li><strong>1988. <\/strong>Zagreb, Galerija Miroslav Kraljevi\u0107, Samostalna izlo\u017eba Josip Restek, 5 \u2013 25. 5.<\/li>\n<li><strong>1987. <\/strong>Zagreb, Galerija Mo\u0161a Pijade, Samostalna izlo\u017eba Josip Restek, 3 \u2013 30. 3.<\/li>\n<li><strong>1986. <\/strong>Karlovac, Zorin dom, Samostalna izlo\u017eba Josip Restek, 17 \u2013 26. 11.<\/li>\n<li><strong>1985. <\/strong>Karlovac, Gradski muzej, Samostalna izlo\u017eba Josip Restek, 11.<\/li>\n<li><strong>1983. <\/strong>Zagreb, Studio Galerije Forum, Samostalna izlo\u017eba grafika Josip Restek, 19. 4. \u2013 9. 5. Ivani\u0107 Grad, Narodno sveu\u010dili\u0161te, Samostalna izlo\u017eba slika Josip Restek, 6.<\/li>\n<li><strong>1980. <\/strong>Zagreb, Galerija Prozori \u2013 Knji\u017enica S. S. Kranj\u010devi\u0107, Samostalna izlo\u017eba Josip Restek \u2013 akvareli (30 akvarela), 13 \u2013 28. 3.<\/li>\n<li><strong>1978. <\/strong>Volavje kraj Jastrebarskog, Samostalna izlo\u017eba stalnog postava slika i grafika Josipa Resteka; otvoreno 25. 6<\/li>\n<li><strong>1977. <\/strong>Karlovac, Galerija Vjekoslav Karas, Samostalna izlo\u017eba slika i grafika Josip Restek, 2 \u2013 5. 11.<\/li>\n<li><strong>1970. <\/strong>Split, izlo\u017ebeni prostor Matice Hrvatske, Samostalna izlo\u017eba slika i grafika RESTEK (15 radova), 16. 1 \u2013 16. 2. \u0160ibenik, Muzej grada \u0160ibenika, Samostalna izlo\u017eba slika i grafika Josipa Resteka, 18 \u2013 28. 2.<\/li>\n<li><strong>1969. <\/strong>Zagreb, Salon ULUH-a, Samostalna izlo\u017eba Grafika \u2013 Restek Josip, 16 \u2013 30. 10.<\/li>\n<li><strong>1967. <\/strong>Gospi\u0107, izlo\u017ebene prostorije JNA, a u organizaciji Muzeja Like, Samostalna izlo\u017eba radova Josipa Resteka (30 radova), 9 \u2013 18. 6.<\/li>\n<li><strong>1963. <\/strong>Zagreb, Kabinet grafike JAZU, Samostalna izlo\u017eba Josipa Resteka, 2 \u2013 3.<\/li>\n<li><strong>1961. <\/strong>Rijeka, Mala galerija, Samostalna izlo\u017eba grafike Josipa Resteka (45 radova), 8 \u2013 15. 9. Split, Galerija umjetnina, Samostalna izlo\u017eba Josipa Resteka (45 radova), 14. 10. \u2013 31. 10.<\/li>\n<li><strong>1960. <\/strong>Zagreb, Umjetni\u010dki paviljon, Samostalna izlo\u017eba slika i grafika Restek Josip (45 radova), 20 \u2013 30. 3.<\/li>\n<li><strong>1956. <\/strong>Pariz, Francuska, Galerie Simone Badenier, Samostalna izlo\u017eba grafika Joseph Restek (litografije, suhe igle, akvatinte; 30 radova), 13 \u2013 31. 1. Karlovac, Gradska galerija, Samostalna izlo\u017eba slika Josipa Resteka, 6.<\/li>\n<li><strong>1955. <\/strong>Zagreb, Salon ULUH-a, Samostalna izlo\u017eba slika J. Restek (23 rada), 19. 12. 1954 \u2013 3. 1. 1955. Beograd, Srbija, Umjetni\u010dka galerija na Terazijama, Samostalna izlo\u017eba slika i grafikae Josip Restek (36 radova), 1 \u2013 10. 3. Zagreb, Salon ULUH-a, Samostalna izlo\u017eba slika Josipa Resteka, 5. Beograd, Srbija, Umjetni\u010dka galerija, Samostalna izlo\u017eba grafika Josipa Resteka, 10.<\/li>\n<li><strong>1954. <\/strong>Zagreb, Knji\u017eara Mladost, Samostalna izlo\u017eba mape drvoreza Seoskim putem, 6.<\/li>\n<li><strong>1952. <\/strong>Zagreb, Salon LIKUM-a, Samostalna izlo\u017eba slika J. Resteka (52 ulja, tempere i grafike), 1. \u2013 15. 03.<\/li>\n<li><strong>1946. <\/strong>Karlovac, Galerija Gradskog narodnog odbora, Samostalna izlo\u017eba slika Josipa Resteka (71 rad), 17. \u2013 30. 11.<\/li>\n<li><strong>1943. <\/strong>Karlovac, \u0160portska dvorana Sokol, Samostalna izlo\u017eba slika Josipa Resteka (51 rad), 24 \u2013 30. 10.<\/li>\n<\/ul>\n<\/div>\n<\/div>\n<\/div>\n<\/div>\n<\/div>\n<\/div>\n<\/div><\/div><\/div><\/div><\/div>\n","protected":false},"excerpt":{"rendered":"","protected":false},"author":1,"featured_media":0,"parent":0,"menu_order":0,"comment_status":"closed","ping_status":"closed","template":"","meta":{"footnotes":""},"class_list":["post-8576","page","type-page","status-publish","hentry"],"_links":{"self":[{"href":"https:\/\/josiprestek.com\/hr\/wp-json\/wp\/v2\/pages\/8576","targetHints":{"allow":["GET"]}}],"collection":[{"href":"https:\/\/josiprestek.com\/hr\/wp-json\/wp\/v2\/pages"}],"about":[{"href":"https:\/\/josiprestek.com\/hr\/wp-json\/wp\/v2\/types\/page"}],"author":[{"embeddable":true,"href":"https:\/\/josiprestek.com\/hr\/wp-json\/wp\/v2\/users\/1"}],"replies":[{"embeddable":true,"href":"https:\/\/josiprestek.com\/hr\/wp-json\/wp\/v2\/comments?post=8576"}],"version-history":[{"count":2,"href":"https:\/\/josiprestek.com\/hr\/wp-json\/wp\/v2\/pages\/8576\/revisions"}],"predecessor-version":[{"id":8734,"href":"https:\/\/josiprestek.com\/hr\/wp-json\/wp\/v2\/pages\/8576\/revisions\/8734"}],"wp:attachment":[{"href":"https:\/\/josiprestek.com\/hr\/wp-json\/wp\/v2\/media?parent=8576"}],"curies":[{"name":"wp","href":"https:\/\/api.w.org\/{rel}","templated":true}]}}