{"id":6962,"date":"2021-04-06T13:54:20","date_gmt":"2021-04-06T13:54:20","guid":{"rendered":"https:\/\/josiprestek.com\/?page_id=6962"},"modified":"2025-01-21T09:43:48","modified_gmt":"2025-01-21T09:43:48","slug":"izlozbe","status":"publish","type":"page","link":"https:\/\/josiprestek.com\/hr\/izlozbe\/","title":{"rendered":"Izlo\u017ebe"},"content":{"rendered":"<div class=\"fusion-fullwidth fullwidth-box fusion-builder-row-1 fusion-flex-container nonhundred-percent-fullwidth non-hundred-percent-height-scrolling\" style=\"--awb-border-radius-top-left:0px;--awb-border-radius-top-right:0px;--awb-border-radius-bottom-right:0px;--awb-border-radius-bottom-left:0px;--awb-flex-wrap:wrap;\" ><div class=\"fusion-builder-row fusion-row fusion-flex-align-items-flex-start fusion-flex-content-wrap\" style=\"max-width:1216.8px;margin-left: calc(-4% \/ 2 );margin-right: calc(-4% \/ 2 );\"><div class=\"fusion-layout-column fusion_builder_column fusion-builder-column-0 fusion_builder_column_1_3 1_3 fusion-flex-column\" style=\"--awb-bg-size:cover;--awb-width-large:33.333333333333%;--awb-margin-top-large:0px;--awb-spacing-right-large:5.76%;--awb-margin-bottom-large:0px;--awb-spacing-left-large:5.76%;--awb-width-medium:100%;--awb-order-medium:0;--awb-spacing-right-medium:1.92%;--awb-spacing-left-medium:1.92%;--awb-width-small:100%;--awb-order-small:0;--awb-spacing-right-small:1.92%;--awb-spacing-left-small:1.92%;\" data-scroll-devices=\"small-visibility,medium-visibility,large-visibility\"><div class=\"fusion-column-wrapper fusion-column-has-shadow fusion-flex-justify-content-flex-start fusion-content-layout-column\"><div class=\"fusion-image-element awb-imageframe-style awb-imageframe-style-below awb-imageframe-style-1\" style=\"text-align:center;--awb-liftup-border-radius:0px;--awb-caption-margin-top:20px;--awb-caption-title-font-family:var(--h3_typography-font-family);--awb-caption-title-font-weight:var(--h3_typography-font-weight);--awb-caption-title-font-style:var(--h3_typography-font-style);--awb-caption-title-size:var(--h3_typography-font-size);--awb-caption-title-transform:var(--h3_typography-text-transform);--awb-caption-title-line-height:var(--h3_typography-line-height);--awb-caption-title-letter-spacing:var(--h3_typography-letter-spacing);\"><div class=\"awb-image-frame awb-image-frame-1 imageframe-liftup\"><span class=\" fusion-imageframe imageframe-dropshadow imageframe-1\" style=\"-webkit-box-shadow: 3px 3px 7px var(--awb-color8);box-shadow: 3px 3px 7px var(--awb-color8);\"><a class=\"fusion-no-lightbox\" href=\"https:\/\/josiprestek.com\/izlozbe\/baska-galerija-zvonimir\/\" target=\"_blank\" aria-label=\"15619679948O0A9048\" rel=\"noopener noreferrer\"><img decoding=\"async\" width=\"1200\" height=\"800\" src=\"https:\/\/josiprestek.com\/wp-content\/uploads\/2025\/01\/15619679948O0A9048.jpg\" data-orig-src=\"https:\/\/josiprestek.com\/wp-content\/uploads\/2025\/01\/15619679948O0A9048.jpg\" alt class=\"lazyload img-responsive wp-image-8716\" srcset=\"data:image\/svg+xml,%3Csvg%20xmlns%3D%27http%3A%2F%2Fwww.w3.org%2F2000%2Fsvg%27%20width%3D%271200%27%20height%3D%27800%27%20viewBox%3D%270%200%201200%20800%27%3E%3Crect%20width%3D%271200%27%20height%3D%27800%27%20fill-opacity%3D%220%22%2F%3E%3C%2Fsvg%3E\" data-srcset=\"https:\/\/josiprestek.com\/wp-content\/uploads\/2025\/01\/15619679948O0A9048-200x133.jpg 200w, https:\/\/josiprestek.com\/wp-content\/uploads\/2025\/01\/15619679948O0A9048-400x267.jpg 400w, https:\/\/josiprestek.com\/wp-content\/uploads\/2025\/01\/15619679948O0A9048-600x400.jpg 600w, https:\/\/josiprestek.com\/wp-content\/uploads\/2025\/01\/15619679948O0A9048-800x533.jpg 800w, https:\/\/josiprestek.com\/wp-content\/uploads\/2025\/01\/15619679948O0A9048.jpg 1200w\" data-sizes=\"auto\" data-orig-sizes=\"(max-width: 1024px) 100vw, (max-width: 640px) 100vw, 400px\" \/><\/a><\/span><\/div><div class=\"awb-imageframe-caption-container\" style=\"text-align:center;\"><div class=\"awb-imageframe-caption\"><h3 class=\"awb-imageframe-caption-title\">Event Cancelled<\/h3><p class=\"awb-imageframe-caption-text\">Ba\u0161ka, Galerija Zvonimir Stvarala\u0161tvo Josipa Resteka odre\u0111eno je vremenskim okvirom ali i geografskim kontekstom u kojemu je ro\u0111en, gdje je \u017eivio i radio. Njegova je umjetnost odraz pro\u017eivljenog iskustva, impresija izazvanih neposrednim opa\u017eanjem prirode, situacija, predmeta. Vi\u0111eno i do\u017eivljeno bilje\u017ei na osebujan na\u010din stvaraju\u0107i osobit i prepoznatljiv vizualni izri\u010daj. U pet plodonosnih desetlje\u0107a umjetni\u010dkog djelovanja ostvario je opus \u2026 26 lipnja, 2021 - 28 srpnja, 2021<\/p><\/div><\/div><\/div><\/div><\/div><\/div><\/div>\n","protected":false},"excerpt":{"rendered":"","protected":false},"author":1,"featured_media":0,"parent":0,"menu_order":0,"comment_status":"closed","ping_status":"closed","template":"","meta":{"footnotes":""},"class_list":["post-6962","page","type-page","status-publish","hentry"],"_links":{"self":[{"href":"https:\/\/josiprestek.com\/hr\/wp-json\/wp\/v2\/pages\/6962","targetHints":{"allow":["GET"]}}],"collection":[{"href":"https:\/\/josiprestek.com\/hr\/wp-json\/wp\/v2\/pages"}],"about":[{"href":"https:\/\/josiprestek.com\/hr\/wp-json\/wp\/v2\/types\/page"}],"author":[{"embeddable":true,"href":"https:\/\/josiprestek.com\/hr\/wp-json\/wp\/v2\/users\/1"}],"replies":[{"embeddable":true,"href":"https:\/\/josiprestek.com\/hr\/wp-json\/wp\/v2\/comments?post=6962"}],"version-history":[{"count":2,"href":"https:\/\/josiprestek.com\/hr\/wp-json\/wp\/v2\/pages\/6962\/revisions"}],"predecessor-version":[{"id":8718,"href":"https:\/\/josiprestek.com\/hr\/wp-json\/wp\/v2\/pages\/6962\/revisions\/8718"}],"wp:attachment":[{"href":"https:\/\/josiprestek.com\/hr\/wp-json\/wp\/v2\/media?parent=6962"}],"curies":[{"name":"wp","href":"https:\/\/api.w.org\/{rel}","templated":true}]}}